{"id":204,"date":"2018-07-16T13:46:59","date_gmt":"2018-07-16T11:46:59","guid":{"rendered":"http:\/\/www.baser-gmbh.de\/basergmbh\/?page_id=204"},"modified":"2025-05-26T12:58:17","modified_gmt":"2025-05-26T10:58:17","slug":"datenschutzseite","status":"publish","type":"page","link":"http:\/\/www.baser-gmbh.de\/basergmbh\/?page_id=204","title":{"rendered":"Datenschutz"},"content":{"rendered":"\n<h2 id=\"gspb_heading-id-gsbp-bf95888\" class=\"gspb_heading gspb_heading-id-gsbp-bf95888 \">Datenschutzerkl\u00e4rung<\/h2>\n\n\n\n<div style=\"height:5vh\" aria-hidden=\"true\" class=\"wp-block-spacer\"><\/div>\n\n\n<p>Im Folgenden informieren wir Sie \u00fcber die Verarbeitung (unter anderem Erhebung und Speicherung) Ihrer personenbezogenen Daten. Dies gilt f\u00fcr die Verarbeitung Ihrer personenbezogenen Daten bei der Nutzung unserer Website (inklusive Unterwebseiten) sowie den unten aufgef\u00fchrten besonderen Verarbeitungssituationen.<\/p>\n<p><strong>Hinweis zur verantwortlichen Stelle<\/strong><\/p>\n<p>Die verantwortliche Stelle f\u00fcr die Datenverarbeitung auf dieser Website ist:<\/p>\n<p><strong>Baser GmbH<\/strong><\/p>\n<p>Neue Spreestra\u00dfe 11<\/p>\n<p>15517 F\u00fcrstenwalde<\/p>\n<p>E-Mail: info@baser-gmbh.de<\/p>\n<p>Verantwortliche Stelle ist die nat\u00fcrliche oder juristische Person, die allein oder gemeinsam mit anderen \u00fcber die Zwecke und Mittel der Verarbeitung von personenbezogenen Daten (z.B. Namen, E-Mail-Adressen o. \u00c4.) entscheidet.<\/p>\n<ol>\n<li><strong> Verarbeitung Ihrer personenbezogenen Daten bei der Nutzung unserer Website<\/strong><\/li>\n<\/ol>\n<p>Sofern Sie unsere Website rein informatorisch nutzen, verarbeiten wir nur personenbezogene Daten, welche Ihr Browser an unseren Server \u00fcbermittelt.<\/p>\n<p>Insbesondere:<\/p>\n<ul>\n<li>Browsertyp und Browserversion<\/li>\n<li>verwendetes Betriebssystem<\/li>\n<li>Referrer URL<\/li>\n<li>Hostname des zugreifenden Rechners<\/li>\n<li>Uhrzeit der Serveranfrage<\/li>\n<li>IP-Adresse<\/li>\n<\/ul>\n<p>Zum einem erfolgt dies, um die Betrachtung unserer Website zu erm\u00f6glichen und zum anderen um die Stabilit\u00e4t und Sicherheit der Website zu gew\u00e4hrleisten (Art. 6 Abs. 1 lit. f) DSGVO). Empf\u00e4nger der Zugriffsdaten ist ausschlie\u00dflich die Baser GmbH.<\/p>\n<p>Eine Zusammenf\u00fchrung dieser Daten mit anderen Datenquellen wird nicht vorgenommen.<\/p>\n<p><strong>1.1.\u00a0 Links zu anderen Websites<\/strong><\/p>\n<p>Die in dieser Datenschutzerkl\u00e4rung festgelegten Praktiken gelten nur f\u00fcr diese Website und sonstige genau festgelegte Situationen. F\u00fcr andere Websites, die von Dritten betrieben werden, k\u00f6nnen andere Praktiken gelten. Pr\u00fcfen Sie deshalb bitte, wenn Sie Links von Dritten betriebenen Websites folgen bzw. solche besuchen, die auf diesen Websites ver\u00f6ffentlichten Datenschutzbestimmungen. Wir haben keine Kontrolle \u00fcber solche Websites und \u00fcbernehmen keine Verantwortung oder Haftung f\u00fcr die von Dritten verfolgten Praktiken.<\/p>\n<p><strong>1.2.\u00a0 Besondere Verarbeitungssituation: Generelle Informations- bzw. Kontaktaufnahme<\/strong><\/p>\n<p>Sofern Sie mit uns in keiner Gesch\u00e4ftsbeziehung stehen, werden die von uns erhobenen personenbezogenen Informationen aufgrund eines berechtigten Interesses zur Informations- bzw. Kontaktaufnahme verwendet. Wir speichern Ihre Informationen f\u00fcr die Dauer von vier Jahren nach unserem letzten Kontakt zu Ihnen (Art. 6 Abs. 1 lit. f) DSGVO). Sie werden stets die M\u00f6glichkeit haben, der Erhebung und Verwendung zu widersprechen.<\/p>\n<ol start=\"2\">\n<li><strong> Besondere Verarbeitungssituation: Vertragsdurchf\u00fchrung<\/strong><\/li>\n<\/ol>\n<p>Die Verarbeitung von allen relevanten personenbezogenen Daten f\u00fcr eine Vertragsdurchf\u00fchrung erfolgt zur Anbahnung, Durchf\u00fchrung oder Beendigung von Vertragsbeziehungen (Art. 6 Abs. 1 lit. b) DSGVO). Die zur Vertragserf\u00fcllung von uns verarbeiteten personenbezogenen Daten werden bis zum Ablauf der gesetzlichen Bestimmungen gespeichert und danach gel\u00f6scht, es sei denn, dass wir zu einer l\u00e4ngeren Speicherung verpflichtet sind oder Sie in eine dar\u00fcber hinausgehende Speicherung eingewilligt haben (Art. 6 Abs. 1 lit. a) DSGVO).<\/p>\n<ol start=\"3\">\n<li><strong> Besondere Verarbeitungssituation: Bewerbungen<\/strong><\/li>\n<\/ol>\n<p>Wenn Sie uns auf eine ausgeschriebene Stelle Ihre Bewerbung zusenden, dann erfolgt eine Verarbeitung Ihrer Bewerbungsunterlagen auf der Grundlage nach Art. 88 DSGVO i. V. m. \u00a7 26 Abs. 1 S. 1 1 Hl. BDSG. Sollten Sie ein Bewerbungsfoto mit\u00fcbersenden, so tun Sie dies freiwillig und geben somit Ihre Einwilligung zur Erhebung und Speicherung Ihres Bewerbungsfotos ab (Art. 88 i. V. m. \u00a7 26 Abs. 2 BDSG). Wir besitzen ein sehr gro\u00dfes Interesse an der Durchf\u00fchrung und dem Abschluss eines ordnungsgem\u00e4\u00dfen Bewerbungsverfahrens. Hierzu geh\u00f6rt auch die Entkr\u00e4ftung entgegenstehender Diskriminierungsvorw\u00fcrfe im Zusammenhang mit dem Abschluss des Bewerbungsverfahrens, weshalb eine L\u00f6schung Ihrer Bewerbungsunterlagen erst 6 Monate nach Ablehnung erfolgt. Eine l\u00e4ngere Speicherung Ihrer Bewerbungsunterlagen erfolgt nur mit Ihrer ausdr\u00fccklichen Einwilligung. Bei Initiativbewerbungen erfolgt eine L\u00f6schung, auch ohne Ablehnung, nach Eingang Ihrer Bewerbungsunterlagen innerhalb von maximal 12 Monaten.<\/p>\n<ol start=\"4\">\n<li><strong> Auftragsverarbeitung<\/strong><\/li>\n<\/ol>\n<p>Sofern wir eine Verarbeitung von personenbezogenen Daten outsourcen, setzen wir spezialisierte Dienstleister ein. Unsere Dienstleister werden von uns sorgf\u00e4ltig ausgew\u00e4hlt und regelm\u00e4\u00dfig kontrolliert. Sie verarbeiten personenbezogene Daten nur in unserem Auftrag und strikt nach unseren Weisungen auf der Grundlage entsprechender Vertr\u00e4ge \u00fcber eine Auftragsverarbeitung \/ Datenschutzvereinbarung (Art. 28 DSGVO). F\u00fcr die Verarbeitung von personenbezogenen Daten, die wir im Auftrag eines Verantwortlichen vornehmen, bieten wir hinreichende Garantien daf\u00fcr, dass wir geeignete technische und\/oder organisatorische Ma\u00dfnahmen ergreifen, so dass die Verarbeitung im Einklang mit den gesetzlichen Bestimmungen steht und der Schutz der Rechte der betroffenen Personen gew\u00e4hrleistet ist.<\/p>\n<ol start=\"5\">\n<li><strong> Datensicherheit, Datenintegrit\u00e4t<\/strong><\/li>\n<\/ol>\n<p>Die von uns verarbeiteten personenbezogenen Daten sind f\u00fcr die beabsichtigten Verwendungszwecke relevant und wir unternehmen angemessene Ma\u00dfnahmen, dass die personenbezogenen Daten f\u00fcr ihre beabsichtigte Verwendung vollst\u00e4ndig und aktuell sind. Trotzdem bitten wir Sie um Ihre Unterst\u00fctzung, um eine jederzeitige Richtigkeit und Vollst\u00e4ndigkeit Ihrer Daten sorgen zu k\u00f6nnen. Zudem treffen wir bzw. der Verantwortliche alle erforderlichen technischen und organisatorischen Ma\u00dfnahmen, um Ihre personenbezogenen Daten vor zuf\u00e4lliger Zerst\u00f6rung, zuf\u00e4lligem Verlust oder zuf\u00e4lliger Ver\u00e4nderung, beziehungsweise unbefugter Offenlegung oder unerlaubtem Zugriff zu sch\u00fctzen. Jede Person, die in unserem Namen oder in unserem Auftrag handelt und der der Zugang zu Ihren personenbezogenen Daten gew\u00e4hrt wird, darf diese nur nach unseren Anweisungen verwenden. Eine anderweitige Verarbeitung ist nicht zul\u00e4ssig, es sei denn, dies ist gesetzlich vorgeschrieben. Grundregel ist die &#8222;Need-To-Know-Basis&#8220;, das Kennen M\u00fcssen der Informationen, das hei\u00dft nur autorisiertes Personal hat Zugang zu Ihren personenbezogenen Daten.<\/p>\n<p>Wir weisen darauf hin, dass die Daten\u00fcbertragung im Internet (z. B. bei der Kommunikation per E-Mail) Sicherheitsl\u00fccken aufweisen kann. So unterst\u00fctzen wir den Stand der Technik, sprich einer TLS-Verschl\u00fcsselung beim E-Mail-Verkehr. Allerdings, sofern Ihr E-Mail-System kein TLS unterst\u00fctzt, kann keine Ende-zu-Ende-Verschl\u00fcsselung bestehen, so dass ein l\u00fcckenloser Schutz der Daten vor dem Zugriff durch Dritte nicht m\u00f6glich ist.<\/p>\n<ol start=\"6\">\n<li><strong> Speicherung personenbezogener Daten<\/strong><\/li>\n<\/ol>\n<p>Entweder l\u00f6schen oder anonymisieren wir Ihre personenbezogenen Daten, so dass sie nicht mehr mit Ihnen in Verbindung gebracht werden k\u00f6nnen. Sofern nicht etwas anderes in dieser Datenschutzerkl\u00e4rung statuiert ist, erfolgt dies, nachdem der Zweck oder die Zwecke, f\u00fcr den oder die Ihre personenbezogenen Daten verarbeitet wurden, weggefallen ist. Dies ist auch stets der Fall, wenn es die gesetzlichen Bestimmungen so vorsehen.<\/p>\n<ol start=\"7\">\n<li><strong> Empf\u00e4nger personenbezogener Daten<\/strong><\/li>\n<\/ol>\n<p>Sofern nicht etwas anderes in dieser Datenschutzerkl\u00e4rung statuiert ist, erfolgt eine Weiter\u00fcbermittlung an Empf\u00e4nger zu den oben genannten Zwecken lediglich, an<\/p>\n<ul>\n<li>Dienstleistungsanbieter f\u00fcr den Betrieb unseres Unternehmens, die in unserem Auftrag handeln oder fremde Fachleistungen anbieten; wozu unter anderem IT-Anbieter, Sicherheitsdienste, Zahlungsabwickler, Rechtsanw\u00e4lte\/Steuerberater geh\u00f6ren oder z. B. Dienstleister, die eine Versendung von Werbematerialien vornehmen (Art. 6 Abs. 1 lit. f) DSGVO oder nach anderen gesetzlichen Bestimmungen);<\/li>\n<\/ul>\n<ul>\n<li>Beh\u00f6rden, staatlichen Regulierern oder sonstigen Strafverfolgungsbeh\u00f6rden und Gerichten, sofern es von Rechts wegen erforderlich oder zugelassen ist oder wenn es durch eine verbindliche Anordnung erzwungen wird (Art. 6 Abs. 1 lit. f) DSGVO oder nach anderen gesetzlichen Bestimmungen).<\/li>\n<\/ul>\n<p>Eine Weiter\u00fcbermittlung Ihrer personenbezogenen Daten findet nicht statt, sofern dies nicht mit den aufgef\u00fchrten Zwecken im Zusammenhang steht, oder ohne, dass Sie vorab dar\u00fcber in Kenntnis gesetzt wurden und Ihnen, sofern erforderlich, die M\u00f6glichkeit zur Entscheidung geboten haben, ob wir Ihre personenbezogenen Daten auf diese abweichende Art und Weise verwenden d\u00fcrfen oder nicht.<\/p>\n<ol start=\"8\">\n<li><strong> Ihre zustehenden Rechte<\/strong><\/li>\n<\/ol>\n<ul>\n<li><strong>Auskunftsrecht:<\/strong> Sie haben das Recht auf Auskunft \u00fcber die von Ihnen verarbeiteten personenbezogenen Daten, dies bedeutet, dass Sie das Recht auf eine Best\u00e4tigung haben, ob betreffende personenbezogene Daten verarbeitet werden oder nicht. Soweit dies der Fall ist, haben Sie das Recht auf Auskunft \u00fcber die von Ihnen verarbeiteten personenbezogenen Daten und bestimmte zus\u00e4tzliche Informationen sowie den Erhalt einer Kopie in einem g\u00e4ngigen elektronischen Format.<\/li>\n<\/ul>\n<ul>\n<li><strong>Recht auf Berichtigung:<\/strong> Sie haben das Recht auf Berichtigung unrichtiger personenbezogener Daten, die Sie betreffen und das Recht, unvollst\u00e4ndige personenbezogene Daten vervollst\u00e4ndigen zu lassen.<\/li>\n<\/ul>\n<ul>\n<li><strong>Recht auf L\u00f6schung:<\/strong> Sie haben das Recht auf L\u00f6schung Ihrer personenbezogenen Daten. Dies ist beispielsweise der Fall, wenn die personenbezogenen Daten f\u00fcr die Zwecke, f\u00fcr die sie verarbeitet werden, nicht mehr erforderlich sind, Sie Ihre Einwilligung widerrufen und es keinen anderen Rechtsgrund f\u00fcr die Verarbeitung gibt oder die Verarbeitung Ihrer personenbezogenen Daten f\u00fcr die Einhaltung einer gesetzlichen Verpflichtung, zur Geltendmachung, Aus\u00fcbung oder Verteidigung von Rechtsanspr\u00fcchen nicht erforderlich ist.<\/li>\n<\/ul>\n<ul>\n<li><strong>Recht auf Widerruf der Einwilligung:<\/strong> Wenn Sie einer bestimmten Verarbeitung zugestimmt haben, haben Sie das Recht, Ihre Einwilligung jederzeit zu widerrufen. Der Widerruf der Einwilligung ber\u00fchrt nicht die Rechtm\u00e4\u00dfigkeit der Verarbeitung aufgrund der Einwilligung vor deren Widerruf.<\/li>\n<\/ul>\n<ul>\n<li><strong>Widerspruchsrecht:<\/strong> Sie haben das Recht, Widerspruch einzulegen, wenn die Verarbeitung auf dem Interessensabw\u00e4gungstatbestand nach Art. 6 Abs. 1 S. 1 lit. e) oder f) DSGVO beruht, um eine Neubewertung der Interessen zu verlangen oder Direktwerbung widersprechen zu k\u00f6nnen. Wir werden dann eine neue Bewertung vornehmen und die Verarbeitung Ihrer personenbezogenen Daten, trotz Ihres Widerspruchs, nur dann fortsetzen, wenn wir zwingende rechtm\u00e4\u00dfige Gr\u00fcnde nachweisen k\u00f6nnen, die Ihre Interessen \u00fcberwiegen.<\/li>\n<\/ul>\n<ul>\n<li><strong>Recht auf Daten\u00fcbertragbarkeit:<\/strong> Sie haben das Recht auf Daten\u00fcbertragbarkeit. Dies bedeutet, dass Sie unter Umst\u00e4nden das Recht haben, die Sie betreffenden personenbezogenen Daten, die Sie uns zur Verf\u00fcgung gestellt haben, zu erhalten und diese Daten an einen anderen Verantwortlichen \u00fcbermitteln zu lassen.<\/li>\n<\/ul>\n<ul>\n<li><strong>Recht auf Einschr\u00e4nkung:<\/strong> Sie haben das Recht auf Einschr\u00e4nkung Ihrer personenbezogenen Daten, zum Beispiel wenn Sie deren Richtigkeit bestreiten oder wenn Sie der Verarbeitung, wie oben beschrieben, widersprochen haben. In beiden F\u00e4llen gilt dieses Recht w\u00e4hrend der Verarbeitung und \u00dcberpr\u00fcfung Ihrer Anfrage durch uns.<\/li>\n<\/ul>\n<ul>\n<li><strong>Beschwerderecht bei einer Aufsichtsbeh\u00f6rde:<\/strong> Sie k\u00f6nnen eine Beschwerde einreichen, wenn Sie der Meinung sind, dass wir bei der Verarbeitung Ihrer personenbezogenen Daten gegen geltende Datenschutzbestimmungen versto\u00dfen haben.<\/li>\n<\/ul>\n<ol start=\"9\">\n<li><strong> Widerspruch gegen Werbe-Mails<\/strong><\/li>\n<\/ol>\n<p>Der Nutzung von im Rahmen der Impressumspflicht ver\u00f6ffentlichten Kontaktdaten zur \u00dcbersendung von nicht ausdr\u00fccklich angeforderter Werbung und Informationsmaterialien wird hiermit widersprochen. Die Betreiber der Seiten behalten sich ausdr\u00fccklich rechtliche Schritte im Falle der unverlangten Zusendung von Werbeinformationen, etwa durch Spam-E-Mails, vor.<\/p>\n<ol start=\"10\">\n<li><strong> Kontaktdaten<\/strong><\/li>\n<\/ol>\n<p>Bei Fragen zu dieser Datenschutzerkl\u00e4rung, wenden Sie sich bitte an unseren externen Datenschutzbeauftragten:<\/p>\n<p>KEDUA GmbH<br \/>Eichhorster Weg 80<\/p>\n<p>13435 Berlin<\/p>\n<p>Telefon: +49 (0) 30 43778625<\/p>\n<ol start=\"11\">\n<li><strong> \u00c4nderungen an dieser Datenschutzrichtlinie<\/strong><\/li>\n<\/ol>\n<p>Um technischen und rechtlichen Anpassungen zu gen\u00fcgen, k\u00f6nnen \u00c4nderungen an dieser Datenschutzerkl\u00e4rung erfolgen.<\/p>","protected":false},"excerpt":{"rendered":"<p>Im Folgenden informieren wir Sie \u00fcber die Verarbeitung (unter anderem Erhebung und Speicherung) Ihrer personenbezogenen Daten. Dies gilt f\u00fcr die Verarbeitung Ihrer personenbezogenen Daten bei der Nutzung unserer Website (inklusive Unterwebseiten) sowie den unten aufgef\u00fchrten besonderen Verarbeitungssituationen. Hinweis zur verantwortlichen Stelle Die verantwortliche Stelle f\u00fcr die Datenverarbeitung auf dieser Website ist: Baser GmbH Neue Spreestra\u00dfe [&hellip;]<\/p>\n","protected":false},"author":1,"featured_media":0,"parent":0,"menu_order":0,"comment_status":"closed","ping_status":"closed","template":"","meta":{"_gspb_post_css":"#gspb_heading-id-gsbp-bf95888,#gspb_heading-id-gsbp-bf95888 .gsap-g-line{text-align:center!important}","footnotes":""},"class_list":["post-204","page","type-page","status-publish","hentry"],"yoast_head":"<!-- This site is optimized with the Yoast SEO plugin v25.1 - https:\/\/yoast.com\/wordpress\/plugins\/seo\/ -->\n<title>Datenschutz - Baser GmbH<\/title>\n<meta name=\"robots\" content=\"index, follow, max-snippet:-1, max-image-preview:large, max-video-preview:-1\" \/>\n<link rel=\"canonical\" href=\"http:\/\/www.baser-gmbh.de\/basergmbh\/?page_id=204\" \/>\n<meta property=\"og:locale\" content=\"de_DE\" \/>\n<meta property=\"og:type\" content=\"article\" \/>\n<meta property=\"og:title\" content=\"Datenschutz - Baser GmbH\" \/>\n<meta property=\"og:description\" content=\"Im Folgenden informieren wir Sie \u00fcber die Verarbeitung (unter anderem Erhebung und Speicherung) Ihrer personenbezogenen Daten. Dies gilt f\u00fcr die Verarbeitung Ihrer personenbezogenen Daten bei der Nutzung unserer Website (inklusive Unterwebseiten) sowie den unten aufgef\u00fchrten besonderen Verarbeitungssituationen. Hinweis zur verantwortlichen Stelle Die verantwortliche Stelle f\u00fcr die Datenverarbeitung auf dieser Website ist: Baser GmbH Neue Spreestra\u00dfe [&hellip;]\" \/>\n<meta property=\"og:url\" content=\"http:\/\/www.baser-gmbh.de\/basergmbh\/?page_id=204\" \/>\n<meta property=\"og:site_name\" content=\"Baser GmbH\" \/>\n<meta property=\"article:modified_time\" content=\"2025-05-26T10:58:17+00:00\" \/>\n<meta property=\"og:image\" content=\"http:\/\/www.baser-gmbh.de\/basergmbh\/wp-content\/uploads\/2018\/07\/cropped-Logo-2.png\" \/>\n\t<meta property=\"og:image:width\" content=\"140\" \/>\n\t<meta property=\"og:image:height\" content=\"28\" \/>\n\t<meta property=\"og:image:type\" content=\"image\/png\" \/>\n<meta name=\"twitter:card\" content=\"summary_large_image\" \/>\n<meta name=\"twitter:label1\" content=\"Gesch\u00e4tzte Lesezeit\" \/>\n\t<meta name=\"twitter:data1\" content=\"8\u00a0Minuten\" \/>\n<script type=\"application\/ld+json\" class=\"yoast-schema-graph\">{\"@context\":\"https:\/\/schema.org\",\"@graph\":[{\"@type\":\"WebPage\",\"@id\":\"http:\/\/www.baser-gmbh.de\/basergmbh\/?page_id=204\",\"url\":\"http:\/\/www.baser-gmbh.de\/basergmbh\/?page_id=204\",\"name\":\"Datenschutz - Baser GmbH\",\"isPartOf\":{\"@id\":\"http:\/\/www.baser-gmbh.de\/basergmbh\/#website\"},\"datePublished\":\"2018-07-16T11:46:59+00:00\",\"dateModified\":\"2025-05-26T10:58:17+00:00\",\"breadcrumb\":{\"@id\":\"http:\/\/www.baser-gmbh.de\/basergmbh\/?page_id=204#breadcrumb\"},\"inLanguage\":\"de\",\"potentialAction\":[{\"@type\":\"ReadAction\",\"target\":[\"http:\/\/www.baser-gmbh.de\/basergmbh\/?page_id=204\"]}]},{\"@type\":\"BreadcrumbList\",\"@id\":\"http:\/\/www.baser-gmbh.de\/basergmbh\/?page_id=204#breadcrumb\",\"itemListElement\":[{\"@type\":\"ListItem\",\"position\":1,\"name\":\"Startseite\",\"item\":\"http:\/\/www.baser-gmbh.de\/basergmbh\/\"},{\"@type\":\"ListItem\",\"position\":2,\"name\":\"Datenschutz\"}]},{\"@type\":\"WebSite\",\"@id\":\"http:\/\/www.baser-gmbh.de\/basergmbh\/#website\",\"url\":\"http:\/\/www.baser-gmbh.de\/basergmbh\/\",\"name\":\"Baser GmbH\",\"description\":\"Hochwertige Kunststofffaserteile\",\"publisher\":{\"@id\":\"http:\/\/www.baser-gmbh.de\/basergmbh\/#organization\"},\"potentialAction\":[{\"@type\":\"SearchAction\",\"target\":{\"@type\":\"EntryPoint\",\"urlTemplate\":\"http:\/\/www.baser-gmbh.de\/basergmbh\/?s={search_term_string}\"},\"query-input\":{\"@type\":\"PropertyValueSpecification\",\"valueRequired\":true,\"valueName\":\"search_term_string\"}}],\"inLanguage\":\"de\"},{\"@type\":\"Organization\",\"@id\":\"http:\/\/www.baser-gmbh.de\/basergmbh\/#organization\",\"name\":\"Baser GmbH\",\"url\":\"http:\/\/www.baser-gmbh.de\/basergmbh\/\",\"logo\":{\"@type\":\"ImageObject\",\"inLanguage\":\"de\",\"@id\":\"http:\/\/www.baser-gmbh.de\/basergmbh\/#\/schema\/logo\/image\/\",\"url\":\"http:\/\/www.baser-gmbh.de\/basergmbh\/wp-content\/uploads\/2018\/07\/Logo.png\",\"contentUrl\":\"http:\/\/www.baser-gmbh.de\/basergmbh\/wp-content\/uploads\/2018\/07\/Logo.png\",\"width\":140,\"height\":28,\"caption\":\"Baser GmbH\"},\"image\":{\"@id\":\"http:\/\/www.baser-gmbh.de\/basergmbh\/#\/schema\/logo\/image\/\"}}]}<\/script>\n<!-- \/ Yoast SEO plugin. -->","yoast_head_json":{"title":"Datenschutz - Baser GmbH","robots":{"index":"index","follow":"follow","max-snippet":"max-snippet:-1","max-image-preview":"max-image-preview:large","max-video-preview":"max-video-preview:-1"},"canonical":"http:\/\/www.baser-gmbh.de\/basergmbh\/?page_id=204","og_locale":"de_DE","og_type":"article","og_title":"Datenschutz - Baser GmbH","og_description":"Im Folgenden informieren wir Sie \u00fcber die Verarbeitung (unter anderem Erhebung und Speicherung) Ihrer personenbezogenen Daten. Dies gilt f\u00fcr die Verarbeitung Ihrer personenbezogenen Daten bei der Nutzung unserer Website (inklusive Unterwebseiten) sowie den unten aufgef\u00fchrten besonderen Verarbeitungssituationen. Hinweis zur verantwortlichen Stelle Die verantwortliche Stelle f\u00fcr die Datenverarbeitung auf dieser Website ist: Baser GmbH Neue Spreestra\u00dfe [&hellip;]","og_url":"http:\/\/www.baser-gmbh.de\/basergmbh\/?page_id=204","og_site_name":"Baser GmbH","article_modified_time":"2025-05-26T10:58:17+00:00","og_image":[{"width":140,"height":28,"url":"http:\/\/www.baser-gmbh.de\/basergmbh\/wp-content\/uploads\/2018\/07\/cropped-Logo-2.png","type":"image\/png"}],"twitter_card":"summary_large_image","twitter_misc":{"Gesch\u00e4tzte Lesezeit":"8\u00a0Minuten"},"schema":{"@context":"https:\/\/schema.org","@graph":[{"@type":"WebPage","@id":"http:\/\/www.baser-gmbh.de\/basergmbh\/?page_id=204","url":"http:\/\/www.baser-gmbh.de\/basergmbh\/?page_id=204","name":"Datenschutz - Baser GmbH","isPartOf":{"@id":"http:\/\/www.baser-gmbh.de\/basergmbh\/#website"},"datePublished":"2018-07-16T11:46:59+00:00","dateModified":"2025-05-26T10:58:17+00:00","breadcrumb":{"@id":"http:\/\/www.baser-gmbh.de\/basergmbh\/?page_id=204#breadcrumb"},"inLanguage":"de","potentialAction":[{"@type":"ReadAction","target":["http:\/\/www.baser-gmbh.de\/basergmbh\/?page_id=204"]}]},{"@type":"BreadcrumbList","@id":"http:\/\/www.baser-gmbh.de\/basergmbh\/?page_id=204#breadcrumb","itemListElement":[{"@type":"ListItem","position":1,"name":"Startseite","item":"http:\/\/www.baser-gmbh.de\/basergmbh\/"},{"@type":"ListItem","position":2,"name":"Datenschutz"}]},{"@type":"WebSite","@id":"http:\/\/www.baser-gmbh.de\/basergmbh\/#website","url":"http:\/\/www.baser-gmbh.de\/basergmbh\/","name":"Baser GmbH","description":"Hochwertige Kunststofffaserteile","publisher":{"@id":"http:\/\/www.baser-gmbh.de\/basergmbh\/#organization"},"potentialAction":[{"@type":"SearchAction","target":{"@type":"EntryPoint","urlTemplate":"http:\/\/www.baser-gmbh.de\/basergmbh\/?s={search_term_string}"},"query-input":{"@type":"PropertyValueSpecification","valueRequired":true,"valueName":"search_term_string"}}],"inLanguage":"de"},{"@type":"Organization","@id":"http:\/\/www.baser-gmbh.de\/basergmbh\/#organization","name":"Baser GmbH","url":"http:\/\/www.baser-gmbh.de\/basergmbh\/","logo":{"@type":"ImageObject","inLanguage":"de","@id":"http:\/\/www.baser-gmbh.de\/basergmbh\/#\/schema\/logo\/image\/","url":"http:\/\/www.baser-gmbh.de\/basergmbh\/wp-content\/uploads\/2018\/07\/Logo.png","contentUrl":"http:\/\/www.baser-gmbh.de\/basergmbh\/wp-content\/uploads\/2018\/07\/Logo.png","width":140,"height":28,"caption":"Baser GmbH"},"image":{"@id":"http:\/\/www.baser-gmbh.de\/basergmbh\/#\/schema\/logo\/image\/"}}]}},"_links":{"self":[{"href":"http:\/\/www.baser-gmbh.de\/basergmbh\/index.php?rest_route=\/wp\/v2\/pages\/204","targetHints":{"allow":["GET"]}}],"collection":[{"href":"http:\/\/www.baser-gmbh.de\/basergmbh\/index.php?rest_route=\/wp\/v2\/pages"}],"about":[{"href":"http:\/\/www.baser-gmbh.de\/basergmbh\/index.php?rest_route=\/wp\/v2\/types\/page"}],"author":[{"embeddable":true,"href":"http:\/\/www.baser-gmbh.de\/basergmbh\/index.php?rest_route=\/wp\/v2\/users\/1"}],"replies":[{"embeddable":true,"href":"http:\/\/www.baser-gmbh.de\/basergmbh\/index.php?rest_route=%2Fwp%2Fv2%2Fcomments&post=204"}],"version-history":[{"count":6,"href":"http:\/\/www.baser-gmbh.de\/basergmbh\/index.php?rest_route=\/wp\/v2\/pages\/204\/revisions"}],"predecessor-version":[{"id":817,"href":"http:\/\/www.baser-gmbh.de\/basergmbh\/index.php?rest_route=\/wp\/v2\/pages\/204\/revisions\/817"}],"wp:attachment":[{"href":"http:\/\/www.baser-gmbh.de\/basergmbh\/index.php?rest_route=%2Fwp%2Fv2%2Fmedia&parent=204"}],"curies":[{"name":"wp","href":"https:\/\/api.w.org\/{rel}","templated":true}]}}